{"id":42,"date":"2018-11-17T23:59:15","date_gmt":"2018-11-17T23:59:15","guid":{"rendered":"https:\/\/www.engenhariaradio.pt\/fri18\/?page_id=42"},"modified":"2018-11-24T02:02:02","modified_gmt":"2018-11-24T02:02:02","slug":"sobre","status":"publish","type":"page","link":"https:\/\/engenhariaradio.pt\/fri18\/sobre\/","title":{"rendered":"Sobre"},"content":{"rendered":"<p>O <strong>F\u00f3rum de R\u00e1dio Independente (FRI)<\/strong> \u00e9 um local de discuss\u00e3o, partilha e promo\u00e7\u00e3o da R\u00e1dio Universit\u00e1ria, Independente, Experimental e Comunit\u00e1ria, constitu\u00eddo por um conjunto de debates e workshops relacionados com a tem\u00e1tica da r\u00e1dio e da comunica\u00e7\u00e3o em geral. Esta <strong>terceira edi\u00e7\u00e3o<\/strong> tem como tema principal a <strong>digitaliza\u00e7\u00e3o da R\u00e1dio e o Podcast,<\/strong> cada vez mais popular pelo seu car\u00e1ter criativo, independente e experimental.<\/p>\n<p>O debate ir\u00e1 focar na forma como o <strong>Podcast<\/strong> est\u00e1 a mudar os meios de comunica\u00e7\u00e3o social, nomeadamente a emiss\u00e3o das r\u00e1dios, as plataformas de produ\u00e7\u00e3o, divulga\u00e7\u00e3o e consumo atual e o modelo de sustentabilidade, assim como na transi\u00e7\u00e3o do consumo de informa\u00e7\u00e3o e entretenimento para o mundo digital.<\/p>\n<p>A atividade pretende continuar a promover, como em edi\u00e7\u00f5es anteriores, a <strong>intera\u00e7\u00e3o entre as r\u00e1dios universit\u00e1rias<\/strong> e os estudantes da academia, as r\u00e1dios locais e a cidade.<\/p>\n<p>O O FRI\u00a0decorrer\u00e1 no Porto, no P\u00f3lo Zero da Federa\u00e7\u00e3o Acad\u00e9mica do Porto, nos dias 1 e 2 de dezembro. A Engenharia R\u00e1dio ir\u00e1 transmitir o debate em direto e realizar uma emiss\u00e3o especial entre os dias 28 e 12 de dezembro, em 91.5 e 102.1 FM atrav\u00e9s de um emissor na Faculdade de Engenharia da Universidade do Porto e\u00a0<span>do emissor Bernardino Machado da R\u00e1dio Manobras.\u00a0<\/span><\/p>\n<p>A participa\u00e7\u00e3o no debate, workshop e tert\u00falia do FRI \u00e9 gratuita tanto para membros de projectos de R\u00e1dio Independente assim como para o p\u00fablico em geral e est\u00e1 sujeita \u00e0 lota\u00e7\u00e3o da sala.<\/p>\n<p><strong><a href=\"https:\/\/www.engenhariaradio.pt\/fri18\/inscricoes\/\">Inscreve-te<\/a>, contamos contigo!<\/strong><\/p>\n<p>&nbsp;<\/p>\n<h2>Organiza\u00e7\u00e3o<\/h2>\n<p><span>O F\u00f3rum de R\u00e1dio Independente \u00e9 organizado Pela\u00a0<\/span><a href=\"https:\/\/www.engenhariaradio.pt\/\">Engenharia R\u00e1dio<\/a><span>, R\u00e1dio Universit\u00e1ria do Porto.<\/span><br \/>\n<span><\/span><\/p>\n<p><span>Para qualquer esclarecimento ou d\u00favida sobre o FRI, contacta-nos atrav\u00e9s do e-mail:\u00a0<\/span><strong>geral@engenhariaradio.pt<\/strong><\/p>\n<p><img data-attachment-id=\"181\" data-permalink=\"https:\/\/engenhariaradio.pt\/fri18\/sobre\/engenharia_radio\/\" data-orig-file=\"https:\/\/i0.wp.com\/www.engenhariaradio.pt\/fri18\/wp-content\/uploads\/2018\/11\/engenharia_radio.png?fit=540%2C164&amp;ssl=1\" data-orig-size=\"540,164\" data-comments-opened=\"1\" data-image-meta=\"{&quot;aperture&quot;:&quot;0&quot;,&quot;credit&quot;:&quot;&quot;,&quot;camera&quot;:&quot;&quot;,&quot;caption&quot;:&quot;&quot;,&quot;created_timestamp&quot;:&quot;0&quot;,&quot;copyright&quot;:&quot;&quot;,&quot;focal_length&quot;:&quot;0&quot;,&quot;iso&quot;:&quot;0&quot;,&quot;shutter_speed&quot;:&quot;0&quot;,&quot;title&quot;:&quot;&quot;,&quot;orientation&quot;:&quot;0&quot;}\" data-image-title=\"engenharia_radio\" data-image-description=\"\" data-image-caption=\"\" data-medium-file=\"https:\/\/i0.wp.com\/www.engenhariaradio.pt\/fri18\/wp-content\/uploads\/2018\/11\/engenharia_radio.png?fit=300%2C91&amp;ssl=1\" data-large-file=\"https:\/\/i0.wp.com\/www.engenhariaradio.pt\/fri18\/wp-content\/uploads\/2018\/11\/engenharia_radio.png?fit=540%2C164&amp;ssl=1\" decoding=\"async\" loading=\"lazy\" src=\"https:\/\/i0.wp.com\/www.engenhariaradio.pt\/fri18\/wp-content\/uploads\/2018\/11\/engenharia_radio.png?resize=300%2C91&#038;ssl=1\" alt=\"\" width=\"300\" height=\"91\" class=\"alignnone size-medium wp-image-181\" srcset=\"https:\/\/i0.wp.com\/www.engenhariaradio.pt\/fri18\/wp-content\/uploads\/2018\/11\/engenharia_radio.png?resize=300%2C91&amp;ssl=1 300w, https:\/\/i0.wp.com\/www.engenhariaradio.pt\/fri18\/wp-content\/uploads\/2018\/11\/engenharia_radio.png?w=540&amp;ssl=1 540w\" sizes=\"(max-width: 300px) 100vw, 300px\" data-recalc-dims=\"1\" \/><\/p>\n<h2>Parceiros<\/h2>\n<h2><img data-attachment-id=\"201\" data-permalink=\"https:\/\/engenhariaradio.pt\/fri18\/sobre\/logo-polo-zero\/\" data-orig-file=\"https:\/\/i0.wp.com\/www.engenhariaradio.pt\/fri18\/wp-content\/uploads\/2018\/11\/Logo-P\u00f3lo-Zero.png?fit=1586%2C1132&amp;ssl=1\" data-orig-size=\"1586,1132\" data-comments-opened=\"1\" data-image-meta=\"{&quot;aperture&quot;:&quot;0&quot;,&quot;credit&quot;:&quot;&quot;,&quot;camera&quot;:&quot;&quot;,&quot;caption&quot;:&quot;&quot;,&quot;created_timestamp&quot;:&quot;0&quot;,&quot;copyright&quot;:&quot;&quot;,&quot;focal_length&quot;:&quot;0&quot;,&quot;iso&quot;:&quot;0&quot;,&quot;shutter_speed&quot;:&quot;0&quot;,&quot;title&quot;:&quot;&quot;,&quot;orientation&quot;:&quot;0&quot;}\" data-image-title=\"Logo P\u00f3lo Zero\" data-image-description=\"\" data-image-caption=\"\" data-medium-file=\"https:\/\/i0.wp.com\/www.engenhariaradio.pt\/fri18\/wp-content\/uploads\/2018\/11\/Logo-P\u00f3lo-Zero.png?fit=300%2C214&amp;ssl=1\" data-large-file=\"https:\/\/i0.wp.com\/www.engenhariaradio.pt\/fri18\/wp-content\/uploads\/2018\/11\/Logo-P\u00f3lo-Zero.png?fit=750%2C535&amp;ssl=1\" decoding=\"async\" loading=\"lazy\" src=\"https:\/\/i0.wp.com\/www.engenhariaradio.pt\/fri18\/wp-content\/uploads\/2018\/11\/Logo-P\u00f3lo-Zero.png?resize=148%2C105&#038;ssl=1\" alt=\"\" width=\"148\" height=\"105\" class=\"alignnone wp-image-201\" srcset=\"https:\/\/i0.wp.com\/www.engenhariaradio.pt\/fri18\/wp-content\/uploads\/2018\/11\/Logo-P\u00f3lo-Zero.png?resize=300%2C214&amp;ssl=1 300w, https:\/\/i0.wp.com\/www.engenhariaradio.pt\/fri18\/wp-content\/uploads\/2018\/11\/Logo-P\u00f3lo-Zero.png?resize=768%2C548&amp;ssl=1 768w, https:\/\/i0.wp.com\/www.engenhariaradio.pt\/fri18\/wp-content\/uploads\/2018\/11\/Logo-P\u00f3lo-Zero.png?resize=1024%2C731&amp;ssl=1 1024w, https:\/\/i0.wp.com\/www.engenhariaradio.pt\/fri18\/wp-content\/uploads\/2018\/11\/Logo-P\u00f3lo-Zero.png?w=1586&amp;ssl=1 1586w, https:\/\/i0.wp.com\/www.engenhariaradio.pt\/fri18\/wp-content\/uploads\/2018\/11\/Logo-P\u00f3lo-Zero.png?w=1500&amp;ssl=1 1500w\" sizes=\"(max-width: 148px) 100vw, 148px\" data-recalc-dims=\"1\" \/>\u00a0\u00a0<img data-attachment-id=\"183\" data-permalink=\"https:\/\/engenhariaradio.pt\/fri18\/sobre\/logotipo-fap\/\" data-orig-file=\"https:\/\/i0.wp.com\/www.engenhariaradio.pt\/fri18\/wp-content\/uploads\/2018\/11\/Log\u00f3tipo-FAP.jpg?fit=470%2C183&amp;ssl=1\" data-orig-size=\"470,183\" data-comments-opened=\"1\" data-image-meta=\"{&quot;aperture&quot;:&quot;0&quot;,&quot;credit&quot;:&quot;&quot;,&quot;camera&quot;:&quot;&quot;,&quot;caption&quot;:&quot;&quot;,&quot;created_timestamp&quot;:&quot;0&quot;,&quot;copyright&quot;:&quot;&quot;,&quot;focal_length&quot;:&quot;0&quot;,&quot;iso&quot;:&quot;0&quot;,&quot;shutter_speed&quot;:&quot;0&quot;,&quot;title&quot;:&quot;&quot;,&quot;orientation&quot;:&quot;1&quot;}\" data-image-title=\"Log\u00f3tipo FAP\" data-image-description=\"\" data-image-caption=\"\" data-medium-file=\"https:\/\/i0.wp.com\/www.engenhariaradio.pt\/fri18\/wp-content\/uploads\/2018\/11\/Log\u00f3tipo-FAP.jpg?fit=300%2C117&amp;ssl=1\" data-large-file=\"https:\/\/i0.wp.com\/www.engenhariaradio.pt\/fri18\/wp-content\/uploads\/2018\/11\/Log\u00f3tipo-FAP.jpg?fit=470%2C183&amp;ssl=1\" decoding=\"async\" loading=\"lazy\" src=\"https:\/\/i0.wp.com\/www.engenhariaradio.pt\/fri18\/wp-content\/uploads\/2018\/11\/Log\u00f3tipo-FAP.jpg?resize=269%2C105&#038;ssl=1\" alt=\"\" width=\"269\" height=\"105\" class=\"alignnone wp-image-183\" srcset=\"https:\/\/i0.wp.com\/www.engenhariaradio.pt\/fri18\/wp-content\/uploads\/2018\/11\/Log\u00f3tipo-FAP.jpg?resize=300%2C117&amp;ssl=1 300w, https:\/\/i0.wp.com\/www.engenhariaradio.pt\/fri18\/wp-content\/uploads\/2018\/11\/Log\u00f3tipo-FAP.jpg?w=470&amp;ssl=1 470w\" sizes=\"(max-width: 269px) 100vw, 269px\" data-recalc-dims=\"1\" \/>\u00a0<img data-attachment-id=\"210\" data-permalink=\"https:\/\/engenhariaradio.pt\/fri18\/sobre\/radiomanobras\/\" data-orig-file=\"https:\/\/i0.wp.com\/www.engenhariaradio.pt\/fri18\/wp-content\/uploads\/2018\/11\/radiomanobras.jpg?fit=960%2C767&amp;ssl=1\" data-orig-size=\"960,767\" data-comments-opened=\"1\" data-image-meta=\"{&quot;aperture&quot;:&quot;0&quot;,&quot;credit&quot;:&quot;&quot;,&quot;camera&quot;:&quot;&quot;,&quot;caption&quot;:&quot;&quot;,&quot;created_timestamp&quot;:&quot;0&quot;,&quot;copyright&quot;:&quot;&quot;,&quot;focal_length&quot;:&quot;0&quot;,&quot;iso&quot;:&quot;0&quot;,&quot;shutter_speed&quot;:&quot;0&quot;,&quot;title&quot;:&quot;&quot;,&quot;orientation&quot;:&quot;1&quot;}\" data-image-title=\"radiomanobras\" data-image-description=\"\" data-image-caption=\"\" data-medium-file=\"https:\/\/i0.wp.com\/www.engenhariaradio.pt\/fri18\/wp-content\/uploads\/2018\/11\/radiomanobras.jpg?fit=300%2C240&amp;ssl=1\" data-large-file=\"https:\/\/i0.wp.com\/www.engenhariaradio.pt\/fri18\/wp-content\/uploads\/2018\/11\/radiomanobras.jpg?fit=750%2C599&amp;ssl=1\" decoding=\"async\" loading=\"lazy\" src=\"https:\/\/i0.wp.com\/www.engenhariaradio.pt\/fri18\/wp-content\/uploads\/2018\/11\/radiomanobras.jpg?resize=124%2C101&#038;ssl=1\" alt=\"\" width=\"124\" height=\"101\" class=\" wp-image-210 alignnone\" data-recalc-dims=\"1\" \/><\/h2>\n<h2>Apoio<\/h2>\n<p><img data-attachment-id=\"184\" data-permalink=\"https:\/\/engenhariaradio.pt\/fri18\/sobre\/logo_ipdj\/\" data-orig-file=\"https:\/\/i0.wp.com\/www.engenhariaradio.pt\/fri18\/wp-content\/uploads\/2018\/11\/Logo_IPDJ.jpg?fit=628%2C844&amp;ssl=1\" data-orig-size=\"628,844\" data-comments-opened=\"1\" data-image-meta=\"{&quot;aperture&quot;:&quot;0&quot;,&quot;credit&quot;:&quot;&quot;,&quot;camera&quot;:&quot;&quot;,&quot;caption&quot;:&quot;&quot;,&quot;created_timestamp&quot;:&quot;0&quot;,&quot;copyright&quot;:&quot;&quot;,&quot;focal_length&quot;:&quot;0&quot;,&quot;iso&quot;:&quot;0&quot;,&quot;shutter_speed&quot;:&quot;0&quot;,&quot;title&quot;:&quot;&quot;,&quot;orientation&quot;:&quot;1&quot;}\" data-image-title=\"Logo_IPDJ\" data-image-description=\"\" data-image-caption=\"\" data-medium-file=\"https:\/\/i0.wp.com\/www.engenhariaradio.pt\/fri18\/wp-content\/uploads\/2018\/11\/Logo_IPDJ.jpg?fit=223%2C300&amp;ssl=1\" data-large-file=\"https:\/\/i0.wp.com\/www.engenhariaradio.pt\/fri18\/wp-content\/uploads\/2018\/11\/Logo_IPDJ.jpg?fit=628%2C844&amp;ssl=1\" decoding=\"async\" loading=\"lazy\" src=\"https:\/\/i0.wp.com\/www.engenhariaradio.pt\/fri18\/wp-content\/uploads\/2018\/11\/Logo_IPDJ.jpg?resize=137%2C185&#038;ssl=1\" alt=\"\" width=\"137\" height=\"185\" class=\"alignnone wp-image-184\" srcset=\"https:\/\/i0.wp.com\/www.engenhariaradio.pt\/fri18\/wp-content\/uploads\/2018\/11\/Logo_IPDJ.jpg?resize=223%2C300&amp;ssl=1 223w, https:\/\/i0.wp.com\/www.engenhariaradio.pt\/fri18\/wp-content\/uploads\/2018\/11\/Logo_IPDJ.jpg?w=628&amp;ssl=1 628w\" sizes=\"(max-width: 137px) 100vw, 137px\" data-recalc-dims=\"1\" \/><\/p>\n","protected":false},"excerpt":{"rendered":"<p>O F\u00f3rum de R\u00e1dio Independente (FRI) \u00e9 um local de discuss\u00e3o, partilha e promo\u00e7\u00e3o da R\u00e1dio Universit\u00e1ria, Independente, Experimental e Comunit\u00e1ria, constitu\u00eddo por um conjunto de debates e workshops relacionados com a tem\u00e1tica da r\u00e1dio e da comunica\u00e7\u00e3o em geral. Esta terceira edi\u00e7\u00e3o tem como tema principal a digitaliza\u00e7\u00e3o da<a class=\"moretag\" href=\"https:\/\/engenhariaradio.pt\/fri18\/sobre\/\"> Ler mais<\/a><\/p>\n","protected":false},"author":2,"featured_media":0,"parent":0,"menu_order":0,"comment_status":"closed","ping_status":"closed","template":"","meta":{"jetpack_post_was_ever_published":false},"jetpack_sharing_enabled":true,"jetpack_shortlink":"https:\/\/wp.me\/PasOmR-G","jetpack-related-posts":[{"id":160,"url":"https:\/\/engenhariaradio.pt\/fri18\/workshop-producao\/","url_meta":{"origin":42,"position":0},"title":"Workshop de produ\u00e7\u00e3o","date":"20 Novembro, 2018","format":false,"excerpt":"\u00a0 Dado o tema da\u00a0digitaliza\u00e7\u00e3o da R\u00e1dio e do Podcast que marca este III F\u00f3rum de R\u00e1dio Independente, o workshop inserido no programa desta edi\u00e7\u00e3o ser\u00e1 focado na produ\u00e7\u00e3o de um programa, tendo como objetivo principal ensinar os participantes a estruturar, gravar e editar corretamente. Os principais t\u00f3picos abordados v\u00e3o\u2026","rel":"","context":"Similar post","img":{"alt_text":"","src":"https:\/\/i0.wp.com\/www.engenhariaradio.pt\/fri18\/wp-content\/uploads\/2018\/11\/46757595_320605191864808_7758307023732604928_n-300x300.jpg?resize=350%2C200&ssl=1","width":350,"height":200},"classes":[]},{"id":41,"url":"https:\/\/engenhariaradio.pt\/fri18\/","url_meta":{"origin":42,"position":1},"title":"In\u00edcio","date":"17 Novembro, 2018","format":false,"excerpt":"Programa S\u00e1bado 1 de dezembro - P\u00f3lo Zero 10:00 Registo dos participantes 10:15 Sess\u00e3o de Abertura 10:30\u00a0Debate: \"A Digitaliza\u00e7\u00e3o da R\u00e1dio - o Podcast, as Plataformas e as Tend\u00eancias\" 13:00 Almo\u00e7o (livre) 14:30 Workshop de produ\u00e7\u00e3o com C\u00e9sar N\u00f3brega 20:00 Jantar e conv\u00edvio \u00a0 Domingo 2 de dezembro 09:00 Sa\u00edda\u2026","rel":"","context":"Similar post","img":{"alt_text":"","src":"https:\/\/i0.wp.com\/www.engenhariaradio.pt\/fri18\/wp-content\/uploads\/2018\/11\/table.jpg?fit=1200%2C800&ssl=1&resize=350%2C200","width":350,"height":200},"classes":[]},{"id":220,"url":"https:\/\/engenhariaradio.pt\/fri18\/como-chegar\/","url_meta":{"origin":42,"position":2},"title":"Como chegar","date":"27 Novembro, 2018","format":false,"excerpt":"Existem v\u00e1rias maneiras de chegar ao P\u00f3lo Zero, a mais comum sendo a partir da Avenida dos Aliados, pois a\u00ed param autocarros e o Metro do Porto. Veja a imagem abaixo para saber uma rota (a p\u00e9) poss\u00edvel a partir da Avenida dos Aliados para poder chegar ao P\u00f3lo Zero.\u2026","rel":"","context":"Similar post","img":{"alt_text":"","src":"https:\/\/i0.wp.com\/www.engenhariaradio.pt\/fri18\/wp-content\/uploads\/2018\/11\/Screen-Shot-2018-11-29-at-15.17.46-300x201.png?resize=350%2C200&ssl=1","width":350,"height":200},"classes":[]}],"_links":{"self":[{"href":"https:\/\/engenhariaradio.pt\/fri18\/wp-json\/wp\/v2\/pages\/42"}],"collection":[{"href":"https:\/\/engenhariaradio.pt\/fri18\/wp-json\/wp\/v2\/pages"}],"about":[{"href":"https:\/\/engenhariaradio.pt\/fri18\/wp-json\/wp\/v2\/types\/page"}],"author":[{"embeddable":true,"href":"https:\/\/engenhariaradio.pt\/fri18\/wp-json\/wp\/v2\/users\/2"}],"replies":[{"embeddable":true,"href":"https:\/\/engenhariaradio.pt\/fri18\/wp-json\/wp\/v2\/comments?post=42"}],"version-history":[{"count":11,"href":"https:\/\/engenhariaradio.pt\/fri18\/wp-json\/wp\/v2\/pages\/42\/revisions"}],"predecessor-version":[{"id":211,"href":"https:\/\/engenhariaradio.pt\/fri18\/wp-json\/wp\/v2\/pages\/42\/revisions\/211"}],"wp:attachment":[{"href":"https:\/\/engenhariaradio.pt\/fri18\/wp-json\/wp\/v2\/media?parent=42"}],"curies":[{"name":"wp","href":"https:\/\/api.w.org\/{rel}","templated":true}]}}