{"id":41,"date":"2018-11-17T23:59:15","date_gmt":"2018-11-17T23:59:15","guid":{"rendered":"https:\/\/www.engenhariaradio.pt\/fri18\/?page_id=41"},"modified":"2018-12-01T11:44:06","modified_gmt":"2018-12-01T11:44:06","slug":"inicio","status":"publish","type":"page","link":"https:\/\/engenhariaradio.pt\/fri18\/","title":{"rendered":"In\u00edcio"},"content":{"rendered":"<h2>Programa<\/h2>\n<h3>S\u00e1bado 1 de dezembro &#8211; P\u00f3lo Zero<\/h3>\n<p><strong>10:00<\/strong> Registo dos participantes<\/p>\n<p><strong>10:15<\/strong> Sess\u00e3o de Abertura<\/p>\n<p><strong>10:30\u00a0<\/strong><a href=\"#team\">Debate: &#8220;A Digitaliza\u00e7\u00e3o da R\u00e1dio &#8211; o Podcast, as Plataformas e as Tend\u00eancias&#8221;<\/a><\/p>\n<p><strong>13:00<\/strong> Almo\u00e7o (livre)<\/p>\n<p><strong>14:30<\/strong> <a href=\"https:\/\/www.engenhariaradio.pt\/fri18\/workshop-producao\/\">Workshop de produ\u00e7\u00e3o com C\u00e9sar N\u00f3brega<\/a><\/p>\n<p><strong>20:00<\/strong> Jantar e conv\u00edvio<\/p>\n<p>&nbsp;<\/p>\n<h3>Domingo 2 de dezembro<\/h3>\n<p><strong>09:00<\/strong> Sa\u00edda para Coimbra<\/p>\n<p><strong>10:30<\/strong> Visita \u00e0 R\u00e1dio Universidade de Coimbra<\/p>\n<p><strong>12:30<\/strong> Regresso ao Polo Zero<\/p>\n<p><strong>13:45<\/strong>\u00a0Almo\u00e7o (livre)<\/p>\n<p><strong>15:00<\/strong> &#8220;\u00c0 conversa com&#8230;&#8221;<\/p>\n<ul>\n<li>\n<h6>Fernando Alvim<\/h6>\n<\/li>\n<\/ul>\n<p><strong>16:45<\/strong> Coffee-break<\/p>\n<p><strong>17:00<\/strong> Discuss\u00e3o entre os presentes<\/p>\n<p><strong>18:00<\/strong> Sess\u00e3o de encerramento<\/p>\n<p>&nbsp;<\/p>\n<p>&nbsp;<\/p>\n<p><strong>Nota:<\/strong> o programa poder\u00e1 sofrer altera\u00e7\u00f5es<\/p>\n","protected":false},"excerpt":{"rendered":"<p>Programa S\u00e1bado 1 de dezembro &#8211; P\u00f3lo Zero 10:00 Registo dos participantes 10:15 Sess\u00e3o de Abertura 10:30\u00a0Debate: &#8220;A Digitaliza\u00e7\u00e3o da R\u00e1dio &#8211; o Podcast, as Plataformas e as Tend\u00eancias&#8221; 13:00 Almo\u00e7o (livre) 14:30 Workshop de produ\u00e7\u00e3o com C\u00e9sar N\u00f3brega 20:00 Jantar e conv\u00edvio &nbsp; Domingo 2 de dezembro 09:00 Sa\u00edda<a class=\"moretag\" href=\"https:\/\/engenhariaradio.pt\/fri18\/\"> Ler mais<\/a><\/p>\n","protected":false},"author":2,"featured_media":111,"parent":0,"menu_order":0,"comment_status":"closed","ping_status":"closed","template":"","meta":{"jetpack_post_was_ever_published":false},"jetpack_sharing_enabled":true,"jetpack_shortlink":"https:\/\/wp.me\/PasOmR-F","jetpack-related-posts":[{"id":42,"url":"https:\/\/engenhariaradio.pt\/fri18\/sobre\/","url_meta":{"origin":41,"position":0},"title":"Sobre","date":"17 Novembro, 2018","format":false,"excerpt":"O F\u00f3rum de R\u00e1dio Independente (FRI) \u00e9 um local de discuss\u00e3o, partilha e promo\u00e7\u00e3o da R\u00e1dio Universit\u00e1ria, Independente, Experimental e Comunit\u00e1ria, constitu\u00eddo por um conjunto de debates e workshops relacionados com a tem\u00e1tica da r\u00e1dio e da comunica\u00e7\u00e3o em geral. Esta terceira edi\u00e7\u00e3o tem como tema principal a digitaliza\u00e7\u00e3o da\u2026","rel":"","context":"Similar post","img":{"alt_text":"","src":"","width":0,"height":0},"classes":[]},{"id":220,"url":"https:\/\/engenhariaradio.pt\/fri18\/como-chegar\/","url_meta":{"origin":41,"position":1},"title":"Como chegar","date":"27 Novembro, 2018","format":false,"excerpt":"Existem v\u00e1rias maneiras de chegar ao P\u00f3lo Zero, a mais comum sendo a partir da Avenida dos Aliados, pois a\u00ed param autocarros e o Metro do Porto. Veja a imagem abaixo para saber uma rota (a p\u00e9) poss\u00edvel a partir da Avenida dos Aliados para poder chegar ao P\u00f3lo Zero.\u2026","rel":"","context":"Similar post","img":{"alt_text":"","src":"https:\/\/i0.wp.com\/www.engenhariaradio.pt\/fri18\/wp-content\/uploads\/2018\/11\/Screen-Shot-2018-11-29-at-15.17.46-300x201.png?resize=350%2C200&ssl=1","width":350,"height":200},"classes":[]},{"id":160,"url":"https:\/\/engenhariaradio.pt\/fri18\/workshop-producao\/","url_meta":{"origin":41,"position":2},"title":"Workshop de produ\u00e7\u00e3o","date":"20 Novembro, 2018","format":false,"excerpt":"\u00a0 Dado o tema da\u00a0digitaliza\u00e7\u00e3o da R\u00e1dio e do Podcast que marca este III F\u00f3rum de R\u00e1dio Independente, o workshop inserido no programa desta edi\u00e7\u00e3o ser\u00e1 focado na produ\u00e7\u00e3o de um programa, tendo como objetivo principal ensinar os participantes a estruturar, gravar e editar corretamente. Os principais t\u00f3picos abordados v\u00e3o\u2026","rel":"","context":"Similar post","img":{"alt_text":"","src":"https:\/\/i0.wp.com\/www.engenhariaradio.pt\/fri18\/wp-content\/uploads\/2018\/11\/46757595_320605191864808_7758307023732604928_n-300x300.jpg?resize=350%2C200&ssl=1","width":350,"height":200},"classes":[]}],"_links":{"self":[{"href":"https:\/\/engenhariaradio.pt\/fri18\/wp-json\/wp\/v2\/pages\/41"}],"collection":[{"href":"https:\/\/engenhariaradio.pt\/fri18\/wp-json\/wp\/v2\/pages"}],"about":[{"href":"https:\/\/engenhariaradio.pt\/fri18\/wp-json\/wp\/v2\/types\/page"}],"author":[{"embeddable":true,"href":"https:\/\/engenhariaradio.pt\/fri18\/wp-json\/wp\/v2\/users\/2"}],"replies":[{"embeddable":true,"href":"https:\/\/engenhariaradio.pt\/fri18\/wp-json\/wp\/v2\/comments?post=41"}],"version-history":[{"count":12,"href":"https:\/\/engenhariaradio.pt\/fri18\/wp-json\/wp\/v2\/pages\/41\/revisions"}],"predecessor-version":[{"id":253,"href":"https:\/\/engenhariaradio.pt\/fri18\/wp-json\/wp\/v2\/pages\/41\/revisions\/253"}],"wp:featuredmedia":[{"embeddable":true,"href":"https:\/\/engenhariaradio.pt\/fri18\/wp-json\/wp\/v2\/media\/111"}],"wp:attachment":[{"href":"https:\/\/engenhariaradio.pt\/fri18\/wp-json\/wp\/v2\/media?parent=41"}],"curies":[{"name":"wp","href":"https:\/\/api.w.org\/{rel}","templated":true}]}}