{"id":220,"date":"2018-11-27T23:44:30","date_gmt":"2018-11-27T23:44:30","guid":{"rendered":"https:\/\/www.engenhariaradio.pt\/fri18\/?page_id=220"},"modified":"2018-11-29T19:00:21","modified_gmt":"2018-11-29T19:00:21","slug":"como-chegar","status":"publish","type":"page","link":"https:\/\/engenhariaradio.pt\/fri18\/como-chegar\/","title":{"rendered":"Como chegar"},"content":{"rendered":"<p>Existem v\u00e1rias maneiras de chegar ao P\u00f3lo Zero, a mais comum sendo a partir da Avenida dos Aliados, pois a\u00ed param autocarros e o Metro do Porto.<\/p>\n<p>Veja a imagem abaixo para saber uma rota (a p\u00e9) poss\u00edvel a partir da Avenida dos Aliados para poder chegar ao P\u00f3lo Zero.<\/p>\n<p>\nVeja tamb\u00e9m <a href=\"https:\/\/www.facebook.com\/pg\/PoloZeroFAP\/photos\/?tab=album&#038;album_id=1984173208506383\">aqui<\/a> fotografias do interior do local, para saber o que esperar.\n<\/p>\n<p><img data-attachment-id=\"242\" data-permalink=\"https:\/\/engenhariaradio.pt\/fri18\/como-chegar\/screen-shot-2018-11-29-at-15-17-46\/\" data-orig-file=\"https:\/\/i0.wp.com\/www.engenhariaradio.pt\/fri18\/wp-content\/uploads\/2018\/11\/Screen-Shot-2018-11-29-at-15.17.46.png?fit=1152%2C770&amp;ssl=1\" data-orig-size=\"1152,770\" data-comments-opened=\"1\" data-image-meta=\"{&quot;aperture&quot;:&quot;0&quot;,&quot;credit&quot;:&quot;&quot;,&quot;camera&quot;:&quot;&quot;,&quot;caption&quot;:&quot;&quot;,&quot;created_timestamp&quot;:&quot;0&quot;,&quot;copyright&quot;:&quot;&quot;,&quot;focal_length&quot;:&quot;0&quot;,&quot;iso&quot;:&quot;0&quot;,&quot;shutter_speed&quot;:&quot;0&quot;,&quot;title&quot;:&quot;&quot;,&quot;orientation&quot;:&quot;0&quot;}\" data-image-title=\"Screen Shot 2018-11-29 at 15.17.46\" data-image-description=\"\" data-image-caption=\"\" data-medium-file=\"https:\/\/i0.wp.com\/www.engenhariaradio.pt\/fri18\/wp-content\/uploads\/2018\/11\/Screen-Shot-2018-11-29-at-15.17.46.png?fit=300%2C201&amp;ssl=1\" data-large-file=\"https:\/\/i0.wp.com\/www.engenhariaradio.pt\/fri18\/wp-content\/uploads\/2018\/11\/Screen-Shot-2018-11-29-at-15.17.46.png?fit=750%2C501&amp;ssl=1\" decoding=\"async\" loading=\"lazy\" src=\"https:\/\/i0.wp.com\/www.engenhariaradio.pt\/fri18\/wp-content\/uploads\/2018\/11\/Screen-Shot-2018-11-29-at-15.17.46.png?resize=750%2C563&#038;ssl=1\" alt=\"\" width=\"750\" height=\"563\" class=\"alignnone size-medium wp-image-242\" data-recalc-dims=\"1\" \/><\/p>\n","protected":false},"excerpt":{"rendered":"<p>Existem v\u00e1rias maneiras de chegar ao P\u00f3lo Zero, a mais comum sendo a partir da Avenida dos Aliados, pois a\u00ed param autocarros e o Metro do Porto. Veja a imagem abaixo para saber uma rota (a p\u00e9) poss\u00edvel a partir da Avenida dos Aliados para poder chegar ao P\u00f3lo Zero.<a class=\"moretag\" href=\"https:\/\/engenhariaradio.pt\/fri18\/como-chegar\/\"> Ler mais<\/a><\/p>\n","protected":false},"author":2,"featured_media":0,"parent":0,"menu_order":0,"comment_status":"closed","ping_status":"closed","template":"","meta":{"jetpack_post_was_ever_published":false},"jetpack_sharing_enabled":true,"jetpack_shortlink":"https:\/\/wp.me\/PasOmR-3y","jetpack-related-posts":[{"id":41,"url":"https:\/\/engenhariaradio.pt\/fri18\/","url_meta":{"origin":220,"position":0},"title":"In\u00edcio","date":"17 Novembro, 2018","format":false,"excerpt":"Programa S\u00e1bado 1 de dezembro - P\u00f3lo Zero 10:00 Registo dos participantes 10:15 Sess\u00e3o de Abertura 10:30\u00a0Debate: \"A Digitaliza\u00e7\u00e3o da R\u00e1dio - o Podcast, as Plataformas e as Tend\u00eancias\" 13:00 Almo\u00e7o (livre) 14:30 Workshop de produ\u00e7\u00e3o com C\u00e9sar N\u00f3brega 20:00 Jantar e conv\u00edvio \u00a0 Domingo 2 de dezembro 09:00 Sa\u00edda\u2026","rel":"","context":"Similar post","img":{"alt_text":"","src":"https:\/\/i0.wp.com\/www.engenhariaradio.pt\/fri18\/wp-content\/uploads\/2018\/11\/table.jpg?fit=1200%2C800&ssl=1&resize=350%2C200","width":350,"height":200},"classes":[]},{"id":42,"url":"https:\/\/engenhariaradio.pt\/fri18\/sobre\/","url_meta":{"origin":220,"position":1},"title":"Sobre","date":"17 Novembro, 2018","format":false,"excerpt":"O F\u00f3rum de R\u00e1dio Independente (FRI) \u00e9 um local de discuss\u00e3o, partilha e promo\u00e7\u00e3o da R\u00e1dio Universit\u00e1ria, Independente, Experimental e Comunit\u00e1ria, constitu\u00eddo por um conjunto de debates e workshops relacionados com a tem\u00e1tica da r\u00e1dio e da comunica\u00e7\u00e3o em geral. Esta terceira edi\u00e7\u00e3o tem como tema principal a digitaliza\u00e7\u00e3o da\u2026","rel":"","context":"Similar post","img":{"alt_text":"","src":"","width":0,"height":0},"classes":[]},{"id":160,"url":"https:\/\/engenhariaradio.pt\/fri18\/workshop-producao\/","url_meta":{"origin":220,"position":2},"title":"Workshop de produ\u00e7\u00e3o","date":"20 Novembro, 2018","format":false,"excerpt":"\u00a0 Dado o tema da\u00a0digitaliza\u00e7\u00e3o da R\u00e1dio e do Podcast que marca este III F\u00f3rum de R\u00e1dio Independente, o workshop inserido no programa desta edi\u00e7\u00e3o ser\u00e1 focado na produ\u00e7\u00e3o de um programa, tendo como objetivo principal ensinar os participantes a estruturar, gravar e editar corretamente. Os principais t\u00f3picos abordados v\u00e3o\u2026","rel":"","context":"Similar post","img":{"alt_text":"","src":"https:\/\/i0.wp.com\/www.engenhariaradio.pt\/fri18\/wp-content\/uploads\/2018\/11\/46757595_320605191864808_7758307023732604928_n-300x300.jpg?resize=350%2C200&ssl=1","width":350,"height":200},"classes":[]}],"_links":{"self":[{"href":"https:\/\/engenhariaradio.pt\/fri18\/wp-json\/wp\/v2\/pages\/220"}],"collection":[{"href":"https:\/\/engenhariaradio.pt\/fri18\/wp-json\/wp\/v2\/pages"}],"about":[{"href":"https:\/\/engenhariaradio.pt\/fri18\/wp-json\/wp\/v2\/types\/page"}],"author":[{"embeddable":true,"href":"https:\/\/engenhariaradio.pt\/fri18\/wp-json\/wp\/v2\/users\/2"}],"replies":[{"embeddable":true,"href":"https:\/\/engenhariaradio.pt\/fri18\/wp-json\/wp\/v2\/comments?post=220"}],"version-history":[{"count":6,"href":"https:\/\/engenhariaradio.pt\/fri18\/wp-json\/wp\/v2\/pages\/220\/revisions"}],"predecessor-version":[{"id":222,"href":"https:\/\/engenhariaradio.pt\/fri18\/wp-json\/wp\/v2\/pages\/220\/revisions\/222"}],"wp:attachment":[{"href":"https:\/\/engenhariaradio.pt\/fri18\/wp-json\/wp\/v2\/media?parent=220"}],"curies":[{"name":"wp","href":"https:\/\/api.w.org\/{rel}","templated":true}]}}