{"id":160,"date":"2018-11-20T22:58:07","date_gmt":"2018-11-20T22:58:07","guid":{"rendered":"https:\/\/www.engenhariaradio.pt\/fri18\/?page_id=160"},"modified":"2018-11-21T09:42:52","modified_gmt":"2018-11-21T09:42:52","slug":"workshop-producao","status":"publish","type":"page","link":"https:\/\/engenhariaradio.pt\/fri18\/workshop-producao\/","title":{"rendered":"Workshop de produ\u00e7\u00e3o"},"content":{"rendered":"<p>&nbsp;<\/p>\n<p>Dado o tema da\u00a0<strong>digitaliza\u00e7\u00e3o da R\u00e1dio e do Podcast <\/strong>que marca este III F\u00f3rum de R\u00e1dio Independente, o workshop inserido no programa desta edi\u00e7\u00e3o ser\u00e1 focado na produ\u00e7\u00e3o de um programa, tendo como objetivo principal ensinar os participantes a <strong>estruturar, gravar e editar <\/strong>corretamente. Os principais t\u00f3picos abordados v\u00e3o ser a an\u00e1lise dos diferentes tipos de programas, a reda\u00e7\u00e3o de um gui\u00e3o, os tipos de linguagem, as t\u00e9cnicas de locu\u00e7\u00e3o, a entrevista e a reportagem, a intera\u00e7\u00e3o com os ouvintes e a edi\u00e7\u00e3o de som.<\/p>\n<p>De forma a cobrir todos os assuntos propostos, e para que seja uma forma\u00e7\u00e3o mais completa, o workshop ter\u00e1 uma <strong>componente te\u00f3rica<\/strong>, de exposi\u00e7\u00e3o, e uma <strong>componente pr\u00e1tica<\/strong>, onde existe um contacto pr\u00f3ximo com o equipamento t\u00e9cnico e os softwares adequados. Tudo pronto para que se cumpra o objetivo final de <strong>produ\u00e7\u00e3o de um programa completo<\/strong> por parte dos participantes!<\/p>\n<p>&nbsp;<\/p>\n<p class=\"CVSpacer\"><span>O re<\/span><img data-attachment-id=\"203\" data-permalink=\"https:\/\/engenhariaradio.pt\/fri18\/workshop-producao\/46757595_320605191864808_7758307023732604928_n\/\" data-orig-file=\"https:\/\/i0.wp.com\/www.engenhariaradio.pt\/fri18\/wp-content\/uploads\/2018\/11\/46757595_320605191864808_7758307023732604928_n.jpg?fit=960%2C960&amp;ssl=1\" data-orig-size=\"960,960\" data-comments-opened=\"1\" data-image-meta=\"{&quot;aperture&quot;:&quot;0&quot;,&quot;credit&quot;:&quot;&quot;,&quot;camera&quot;:&quot;&quot;,&quot;caption&quot;:&quot;&quot;,&quot;created_timestamp&quot;:&quot;0&quot;,&quot;copyright&quot;:&quot;&quot;,&quot;focal_length&quot;:&quot;0&quot;,&quot;iso&quot;:&quot;0&quot;,&quot;shutter_speed&quot;:&quot;0&quot;,&quot;title&quot;:&quot;&quot;,&quot;orientation&quot;:&quot;0&quot;}\" data-image-title=\"46757595_320605191864808_7758307023732604928_n\" data-image-description=\"\" data-image-caption=\"\" data-medium-file=\"https:\/\/i0.wp.com\/www.engenhariaradio.pt\/fri18\/wp-content\/uploads\/2018\/11\/46757595_320605191864808_7758307023732604928_n.jpg?fit=300%2C300&amp;ssl=1\" data-large-file=\"https:\/\/i0.wp.com\/www.engenhariaradio.pt\/fri18\/wp-content\/uploads\/2018\/11\/46757595_320605191864808_7758307023732604928_n.jpg?fit=750%2C750&amp;ssl=1\" decoding=\"async\" loading=\"lazy\" src=\"https:\/\/i0.wp.com\/www.engenhariaradio.pt\/fri18\/wp-content\/uploads\/2018\/11\/46757595_320605191864808_7758307023732604928_n.jpg?resize=300%2C300&#038;ssl=1\" alt=\"\" class=\"alignleft size-medium wp-image-203\" height=\"300\" width=\"300\" srcset=\"https:\/\/i0.wp.com\/www.engenhariaradio.pt\/fri18\/wp-content\/uploads\/2018\/11\/46757595_320605191864808_7758307023732604928_n.jpg?resize=300%2C300&amp;ssl=1 300w, https:\/\/i0.wp.com\/www.engenhariaradio.pt\/fri18\/wp-content\/uploads\/2018\/11\/46757595_320605191864808_7758307023732604928_n.jpg?resize=150%2C150&amp;ssl=1 150w, https:\/\/i0.wp.com\/www.engenhariaradio.pt\/fri18\/wp-content\/uploads\/2018\/11\/46757595_320605191864808_7758307023732604928_n.jpg?resize=768%2C768&amp;ssl=1 768w, https:\/\/i0.wp.com\/www.engenhariaradio.pt\/fri18\/wp-content\/uploads\/2018\/11\/46757595_320605191864808_7758307023732604928_n.jpg?resize=50%2C50&amp;ssl=1 50w, https:\/\/i0.wp.com\/www.engenhariaradio.pt\/fri18\/wp-content\/uploads\/2018\/11\/46757595_320605191864808_7758307023732604928_n.jpg?w=960&amp;ssl=1 960w\" sizes=\"(max-width: 300px) 100vw, 300px\" data-recalc-dims=\"1\" \/><span>spons\u00e1vel por este workshop ser\u00e1 o <strong>C\u00e9sar N\u00f3brega<\/strong>, animador de r\u00e1dio e jornalista, com uma P\u00f3s-gradua\u00e7\u00e3o em \u201cComunica\u00e7\u00e3o, Arte e Cultura\u201d pela Universidade do Minho e formado em Jornalismo pela Escola Superior de Jornalismo do Porto. Chegou aos 98.9 FM da <strong>R\u00e1dio Nova<\/strong> &#8211; Porto em 1998. Actualmente, anima as manh\u00e3s na companhia de S\u00e9rgio Sousa.<br \/>\n<\/span><\/p>\n","protected":false},"excerpt":{"rendered":"<p>&nbsp; Dado o tema da\u00a0digitaliza\u00e7\u00e3o da R\u00e1dio e do Podcast que marca este III F\u00f3rum de R\u00e1dio Independente, o workshop inserido no programa desta edi\u00e7\u00e3o ser\u00e1 focado na produ\u00e7\u00e3o de um programa, tendo como objetivo principal ensinar os participantes a estruturar, gravar e editar corretamente. Os principais t\u00f3picos abordados v\u00e3o<a class=\"moretag\" href=\"https:\/\/engenhariaradio.pt\/fri18\/workshop-producao\/\"> Ler mais<\/a><\/p>\n","protected":false},"author":1,"featured_media":0,"parent":0,"menu_order":0,"comment_status":"closed","ping_status":"closed","template":"","meta":{"jetpack_post_was_ever_published":false},"jetpack_sharing_enabled":true,"jetpack_shortlink":"https:\/\/wp.me\/PasOmR-2A","jetpack-related-posts":[{"id":42,"url":"https:\/\/engenhariaradio.pt\/fri18\/sobre\/","url_meta":{"origin":160,"position":0},"title":"Sobre","date":"17 Novembro, 2018","format":false,"excerpt":"O F\u00f3rum de R\u00e1dio Independente (FRI) \u00e9 um local de discuss\u00e3o, partilha e promo\u00e7\u00e3o da R\u00e1dio Universit\u00e1ria, Independente, Experimental e Comunit\u00e1ria, constitu\u00eddo por um conjunto de debates e workshops relacionados com a tem\u00e1tica da r\u00e1dio e da comunica\u00e7\u00e3o em geral. Esta terceira edi\u00e7\u00e3o tem como tema principal a digitaliza\u00e7\u00e3o da\u2026","rel":"","context":"Similar post","img":{"alt_text":"","src":"","width":0,"height":0},"classes":[]},{"id":41,"url":"https:\/\/engenhariaradio.pt\/fri18\/","url_meta":{"origin":160,"position":1},"title":"In\u00edcio","date":"17 Novembro, 2018","format":false,"excerpt":"Programa S\u00e1bado 1 de dezembro - P\u00f3lo Zero 10:00 Registo dos participantes 10:15 Sess\u00e3o de Abertura 10:30\u00a0Debate: \"A Digitaliza\u00e7\u00e3o da R\u00e1dio - o Podcast, as Plataformas e as Tend\u00eancias\" 13:00 Almo\u00e7o (livre) 14:30 Workshop de produ\u00e7\u00e3o com C\u00e9sar N\u00f3brega 20:00 Jantar e conv\u00edvio \u00a0 Domingo 2 de dezembro 09:00 Sa\u00edda\u2026","rel":"","context":"Similar post","img":{"alt_text":"","src":"https:\/\/i0.wp.com\/www.engenhariaradio.pt\/fri18\/wp-content\/uploads\/2018\/11\/table.jpg?fit=1200%2C800&ssl=1&resize=350%2C200","width":350,"height":200},"classes":[]},{"id":220,"url":"https:\/\/engenhariaradio.pt\/fri18\/como-chegar\/","url_meta":{"origin":160,"position":2},"title":"Como chegar","date":"27 Novembro, 2018","format":false,"excerpt":"Existem v\u00e1rias maneiras de chegar ao P\u00f3lo Zero, a mais comum sendo a partir da Avenida dos Aliados, pois a\u00ed param autocarros e o Metro do Porto. Veja a imagem abaixo para saber uma rota (a p\u00e9) poss\u00edvel a partir da Avenida dos Aliados para poder chegar ao P\u00f3lo Zero.\u2026","rel":"","context":"Similar post","img":{"alt_text":"","src":"https:\/\/i0.wp.com\/www.engenhariaradio.pt\/fri18\/wp-content\/uploads\/2018\/11\/Screen-Shot-2018-11-29-at-15.17.46-300x201.png?resize=350%2C200&ssl=1","width":350,"height":200},"classes":[]}],"_links":{"self":[{"href":"https:\/\/engenhariaradio.pt\/fri18\/wp-json\/wp\/v2\/pages\/160"}],"collection":[{"href":"https:\/\/engenhariaradio.pt\/fri18\/wp-json\/wp\/v2\/pages"}],"about":[{"href":"https:\/\/engenhariaradio.pt\/fri18\/wp-json\/wp\/v2\/types\/page"}],"author":[{"embeddable":true,"href":"https:\/\/engenhariaradio.pt\/fri18\/wp-json\/wp\/v2\/users\/1"}],"replies":[{"embeddable":true,"href":"https:\/\/engenhariaradio.pt\/fri18\/wp-json\/wp\/v2\/comments?post=160"}],"version-history":[{"count":17,"href":"https:\/\/engenhariaradio.pt\/fri18\/wp-json\/wp\/v2\/pages\/160\/revisions"}],"predecessor-version":[{"id":204,"href":"https:\/\/engenhariaradio.pt\/fri18\/wp-json\/wp\/v2\/pages\/160\/revisions\/204"}],"wp:attachment":[{"href":"https:\/\/engenhariaradio.pt\/fri18\/wp-json\/wp\/v2\/media?parent=160"}],"curies":[{"name":"wp","href":"https:\/\/api.w.org\/{rel}","templated":true}]}}